{"id":26385,"date":"2024-12-08T09:19:37","date_gmt":"2024-12-08T09:19:37","guid":{"rendered":"https:\/\/ecom.themetodo.com\/property\/?page_id=26385"},"modified":"2025-03-23T16:51:53","modified_gmt":"2025-03-23T16:51:53","slug":"alertes-immobilieres","status":"publish","type":"page","link":"https:\/\/mehdiabdesmad.ca\/en\/alertes-immobilieres\/","title":{"rendered":"Real Estate Alerts"},"content":{"rendered":"<div data-elementor-type=\"wp-page\" data-elementor-id=\"26385\" class=\"elementor elementor-26385\" data-elementor-post-type=\"page\">\n\t\t\t\t<div data-dce-background-color=\"#111111\" data-dce-background-overlay-color=\"#000000\" data-dce-background-image-url=\"https:\/\/mehdiabdesmad.ca\/wp-content\/uploads\/2024\/12\/kitchen-2.jpg\" class=\"elementor-element elementor-element-75c8e76 animated-slow e-flex e-con-boxed elementor-invisible e-con e-parent\" data-id=\"75c8e76\" data-element_type=\"container\" data-settings=\"{&quot;background_background&quot;:&quot;classic&quot;,&quot;animation&quot;:&quot;fadeIn&quot;}\">\n\t\t\t\t\t<div class=\"e-con-inner\">\n\t\t<div class=\"elementor-element elementor-element-3d0657b e-flex e-con-boxed e-con e-child\" data-id=\"3d0657b\" data-element_type=\"container\" data-settings=\"{&quot;background_background&quot;:&quot;classic&quot;}\">\n\t\t\t\t\t<div class=\"e-con-inner\">\n\t\t\t\t<div class=\"elementor-element elementor-element-0941a6c elementor-widget-tablet__width-initial elementor-widget elementor-widget-heading\" data-id=\"0941a6c\" data-element_type=\"widget\" data-widget_type=\"heading.default\">\n\t\t\t\t<div class=\"elementor-widget-container\">\n\t\t\t\t\t<h2 class=\"elementor-heading-title elementor-size-default\">Real Estate Alerts<\/h2>\t\t\t\t<\/div>\n\t\t\t\t<\/div>\n\t\t\t\t\t<\/div>\n\t\t\t\t<\/div>\n\t\t\t\t\t<\/div>\n\t\t\t\t<\/div>\n\t\t<div class=\"elementor-element elementor-element-8a748ac e-flex e-con-boxed e-con e-parent\" data-id=\"8a748ac\" data-element_type=\"container\">\n\t\t\t\t\t<div class=\"e-con-inner\">\n\t\t<div data-dce-background-color=\"#BEB09E\" class=\"elementor-element elementor-element-520785a e-con-full e-flex e-con e-child\" data-id=\"520785a\" data-element_type=\"container\" data-settings=\"{&quot;background_background&quot;:&quot;classic&quot;}\">\n\t\t\t\t<div class=\"elementor-element elementor-element-fc93501 elementor-widget__width-initial elementor-widget elementor-widget-text-editor\" data-id=\"fc93501\" data-element_type=\"widget\" data-widget_type=\"text-editor.default\">\n\t\t\t\t<div class=\"elementor-widget-container\">\n\t\t\t\t\t\t\t\t\t<p>Sign up for the real estate alert for free and receive all the new properties that meet your criteria as soon as they are posted online. Don't miss any opportunity!<\/p>\t\t\t\t\t\t\t\t<\/div>\n\t\t\t\t<\/div>\n\t\t<div class=\"elementor-element elementor-element-54bd0f6 e-con-full e-flex e-con e-child\" data-id=\"54bd0f6\" data-element_type=\"container\">\n\t\t\t\t<div class=\"elementor-element elementor-element-3884e09 elementor-widget elementor-widget-heading\" data-id=\"3884e09\" data-element_type=\"widget\" data-widget_type=\"heading.default\">\n\t\t\t\t<div class=\"elementor-widget-container\">\n\t\t\t\t\t<h2 class=\"elementor-heading-title elementor-size-default\">WHERE DO YOU WANT TO BUY?<\/h2>\t\t\t\t<\/div>\n\t\t\t\t<\/div>\n\t\t\t\t<div class=\"elementor-element elementor-element-bee44f9 elementor-widget elementor-widget-shortcode\" data-id=\"bee44f9\" data-element_type=\"widget\" data-widget_type=\"shortcode.default\">\n\t\t\t\t<div class=\"elementor-widget-container\">\n\t\t\t\t\t\t\t<div class=\"elementor-shortcode\"><script type=\"text\/javascript\">var gform;gform||(document.addEventListener(\"gform_main_scripts_loaded\",function(){gform.scriptsLoaded=!0}),document.addEventListener(\"gform\/theme\/scripts_loaded\",function(){gform.themeScriptsLoaded=!0}),window.addEventListener(\"DOMContentLoaded\",function(){gform.domLoaded=!0}),gform={domLoaded:!1,scriptsLoaded:!1,themeScriptsLoaded:!1,isFormEditor:()=>\"function\"==typeof InitializeEditor,callIfLoaded:function(o){return!(!gform.domLoaded||!gform.scriptsLoaded||!gform.themeScriptsLoaded&&!gform.isFormEditor()||(gform.isFormEditor()&&console.warn(\"The use of gform.initializeOnLoaded() is deprecated in the form editor context and will be removed in Gravity Forms 3.1.\"),o(),0))},initializeOnLoaded:function(o){gform.callIfLoaded(o)||(document.addEventListener(\"gform_main_scripts_loaded\",()=>{gform.scriptsLoaded=!0,gform.callIfLoaded(o)}),document.addEventListener(\"gform\/theme\/scripts_loaded\",()=>{gform.themeScriptsLoaded=!0,gform.callIfLoaded(o)}),window.addEventListener(\"DOMContentLoaded\",()=>{gform.domLoaded=!0,gform.callIfLoaded(o)}))},hooks:{action:{},filter:{}},addAction:function(o,r,e,t){gform.addHook(\"action\",o,r,e,t)},addFilter:function(o,r,e,t){gform.addHook(\"filter\",o,r,e,t)},doAction:function(o){gform.doHook(\"action\",o,arguments)},applyFilters:function(o){return gform.doHook(\"filter\",o,arguments)},removeAction:function(o,r){gform.removeHook(\"action\",o,r)},removeFilter:function(o,r,e){gform.removeHook(\"filter\",o,r,e)},addHook:function(o,r,e,t,n){null==gform.hooks[o][r]&&(gform.hooks[o][r]=[]);var d=gform.hooks[o][r];null==n&&(n=r+\"_\"+d.length),gform.hooks[o][r].push({tag:n,callable:e,priority:t=null==t?10:t})},doHook:function(r,o,e){var t;if(e=Array.prototype.slice.call(e,1),null!=gform.hooks[r][o]&&((o=gform.hooks[r][o]).sort(function(o,r){return o.priority-r.priority}),o.forEach(function(o){\"function\"!=typeof(t=o.callable)&&(t=window[t]),\"action\"==r?t.apply(null,e):e[0]=t.apply(null,e)})),\"filter\"==r)return e[0]},removeHook:function(o,r,t,n){var e;null!=gform.hooks[o][r]&&(e=(e=gform.hooks[o][r]).filter(function(o,r,e){return!!(null!=n&&n!=o.tag||null!=t&&t!=o.priority)}),gform.hooks[o][r]=e)}});<\/script>\n                <div class='gf_browser_gecko gform_wrapper gravity-theme gform-theme--no-framework' data-form-theme='gravity-theme' data-form-index='0' id='gform_wrapper_5' >\n                        <div class='gform_heading'>\n                            <h2 class=\"gform_title\">List form<\/h2>\n                            <p class='gform_description'>This is list form<\/p>\n                        <\/div><form method='post' enctype='multipart\/form-data'  id='gform_5'  action='\/en\/wp-json\/wp\/v2\/pages\/26385' data-formid='5' novalidate data-trp-original-action=\"\/en\/wp-json\/wp\/v2\/pages\/26385\">\n                        <div class='gform-body gform_body'><div id='gform_fields_5' class='gform_fields top_label form_sublabel_below description_below validation_below'><fieldset id=\"field_5_6\" class=\"gfield gfield--type-checkbox gfield--type-choice gfield--input-type-checkbox gfield--width-half field_sublabel_below gfield--no-description field_description_below field_validation_below gfield_visibility_visible\"  data-js-reload=\"field_5_6\" ><legend class='gfield_label gform-field-label screen-reader-text gfield_label_before_complex' ><\/legend><div class='ginput_container ginput_container_checkbox'><div class='gfield_checkbox' id='input_5_6'><div class='gchoice gchoice_5_6_1'>\n\t\t\t\t\t\t\t\t<input class='gfield-choice-input' name='input_6.1' type='checkbox'  value='Montreal'  id='choice_5_6_1'   \/>\n\t\t\t\t\t\t\t\t<label for='choice_5_6_1' id='label_5_6_1' class='gform-field-label gform-field-label--type-inline'>Montreal<\/label>\n\t\t\t\t\t\t\t<\/div><div class='gchoice gchoice_5_6_2'>\n\t\t\t\t\t\t\t\t<input class='gfield-choice-input' name='input_6.2' type='checkbox'  value='Laval'  id='choice_5_6_2'   \/>\n\t\t\t\t\t\t\t\t<label for='choice_5_6_2' id='label_5_6_2' class='gform-field-label gform-field-label--type-inline'>Laval<\/label>\n\t\t\t\t\t\t\t<\/div><div class='gchoice gchoice_5_6_3'>\n\t\t\t\t\t\t\t\t<input class='gfield-choice-input' name='input_6.3' type='checkbox'  value='Blainville'  id='choice_5_6_3'   \/>\n\t\t\t\t\t\t\t\t<label for='choice_5_6_3' id='label_5_6_3' class='gform-field-label gform-field-label--type-inline'>Blainville<\/label>\n\t\t\t\t\t\t\t<\/div><div class='gchoice gchoice_5_6_4'>\n\t\t\t\t\t\t\t\t<input class='gfield-choice-input' name='input_6.4' type='checkbox'  value='Bois des fillions'  id='choice_5_6_4'   \/>\n\t\t\t\t\t\t\t\t<label for='choice_5_6_4' id='label_5_6_4' class='gform-field-label gform-field-label--type-inline'>Fillions Wood<\/label>\n\t\t\t\t\t\t\t<\/div><div class='gchoice gchoice_5_6_5'>\n\t\t\t\t\t\t\t\t<input class='gfield-choice-input' name='input_6.5' type='checkbox'  value='Mirabel'  id='choice_5_6_5'   \/>\n\t\t\t\t\t\t\t\t<label for='choice_5_6_5' id='label_5_6_5' class='gform-field-label gform-field-label--type-inline'>Mirabel<\/label>\n\t\t\t\t\t\t\t<\/div><div class='gchoice gchoice_5_6_6'>\n\t\t\t\t\t\t\t\t<input class='gfield-choice-input' name='input_6.6' type='checkbox'  value='Repentigny'  id='choice_5_6_6'   \/>\n\t\t\t\t\t\t\t\t<label for='choice_5_6_6' id='label_5_6_6' class='gform-field-label gform-field-label--type-inline'>Repentigny<\/label>\n\t\t\t\t\t\t\t<\/div><div class='gchoice gchoice_5_6_7'>\n\t\t\t\t\t\t\t\t<input class='gfield-choice-input' name='input_6.7' type='checkbox'  value='Lachenaie'  id='choice_5_6_7'   \/>\n\t\t\t\t\t\t\t\t<label for='choice_5_6_7' id='label_5_6_7' class='gform-field-label gform-field-label--type-inline'>Lachenaie<\/label>\n\t\t\t\t\t\t\t<\/div><div class='gchoice gchoice_5_6_8'>\n\t\t\t\t\t\t\t\t<input class='gfield-choice-input' name='input_6.8' type='checkbox'  value='Terrebonne'  id='choice_5_6_8'   \/>\n\t\t\t\t\t\t\t\t<label for='choice_5_6_8' id='label_5_6_8' class='gform-field-label gform-field-label--type-inline'>Terrebonne<\/label>\n\t\t\t\t\t\t\t<\/div><div class='gchoice gchoice_5_6_9'>\n\t\t\t\t\t\t\t\t<input class='gfield-choice-input' name='input_6.9' type='checkbox'  value='Ile Perrot\/ Pincourt'  id='choice_5_6_9'   \/>\n\t\t\t\t\t\t\t\t<label for='choice_5_6_9' id='label_5_6_9' class='gform-field-label gform-field-label--type-inline'>Perrot Island \/ Pincourt<\/label>\n\t\t\t\t\t\t\t<\/div><div class='gchoice gchoice_5_6_11'>\n\t\t\t\t\t\t\t\t<input class='gfield-choice-input' name='input_6.11' type='checkbox'  value='Saint-Lazare \/ Hudson \/ Rigaud'  id='choice_5_6_11'   \/>\n\t\t\t\t\t\t\t\t<label for='choice_5_6_11' id='label_5_6_11' class='gform-field-label gform-field-label--type-inline'>Saint-Lazare \/ Hudson \/ Rigaud<\/label>\n\t\t\t\t\t\t\t<\/div><div class='gchoice gchoice_5_6_12'>\n\t\t\t\t\t\t\t\t<input class='gfield-choice-input' name='input_6.12' type='checkbox'  value='Sainte-Catherine'  id='choice_5_6_12'   \/>\n\t\t\t\t\t\t\t\t<label for='choice_5_6_12' id='label_5_6_12' class='gform-field-label gform-field-label--type-inline'>Saint Catherine<\/label>\n\t\t\t\t\t\t\t<\/div><div class='gchoice gchoice_5_6_13'>\n\t\t\t\t\t\t\t\t<input class='gfield-choice-input' name='input_6.13' type='checkbox'  value='Candiac \/ La Prairie'  id='choice_5_6_13'   \/>\n\t\t\t\t\t\t\t\t<label for='choice_5_6_13' id='label_5_6_13' class='gform-field-label gform-field-label--type-inline'>Candiac \/ La Prairie<\/label>\n\t\t\t\t\t\t\t<\/div><div class='gchoice gchoice_5_6_14'>\n\t\t\t\t\t\t\t\t<input class='gfield-choice-input' name='input_6.14' type='checkbox'  value='Longueuil \/ Saint-Hubert'  id='choice_5_6_14'   \/>\n\t\t\t\t\t\t\t\t<label for='choice_5_6_14' id='label_5_6_14' class='gform-field-label gform-field-label--type-inline'>Longueuil \/ Saint-Hubert<\/label>\n\t\t\t\t\t\t\t<\/div><div class='gchoice gchoice_5_6_15'>\n\t\t\t\t\t\t\t\t<input class='gfield-choice-input' name='input_6.15' type='checkbox'  value='Rive Sud'  id='choice_5_6_15'   \/>\n\t\t\t\t\t\t\t\t<label for='choice_5_6_15' id='label_5_6_15' class='gform-field-label gform-field-label--type-inline'>South Shore<\/label>\n\t\t\t\t\t\t\t<\/div><\/div><\/div><\/fieldset><fieldset id=\"field_5_8\" class=\"gfield gfield--type-checkbox gfield--type-choice gfield--input-type-checkbox gfield--width-half field_sublabel_below gfield--no-description field_description_below field_validation_below gfield_visibility_visible\"  data-js-reload=\"field_5_8\" ><legend class='gfield_label gform-field-label screen-reader-text gfield_label_before_complex' ><\/legend><div class='ginput_container ginput_container_checkbox'><div class='gfield_checkbox' id='input_5_8'><div class='gchoice gchoice_5_8_1'>\n\t\t\t\t\t\t\t\t<input class='gfield-choice-input' name='input_8.1' type='checkbox'  value='West Island (Montreal)'  id='choice_5_8_1'   \/>\n\t\t\t\t\t\t\t\t<label for='choice_5_8_1' id='label_5_8_1' class='gform-field-label gform-field-label--type-inline'>West Island (Montreal)<\/label>\n\t\t\t\t\t\t\t<\/div><div class='gchoice gchoice_5_8_2'>\n\t\t\t\t\t\t\t\t<input class='gfield-choice-input' name='input_8.2' type='checkbox'  value='Sainte-Eustache \/ Boisbriand'  id='choice_5_8_2'   \/>\n\t\t\t\t\t\t\t\t<label for='choice_5_8_2' id='label_5_8_2' class='gform-field-label gform-field-label--type-inline'>Sainte-Eustache \/ Boisbriand<\/label>\n\t\t\t\t\t\t\t<\/div><div class='gchoice gchoice_5_8_3'>\n\t\t\t\t\t\t\t\t<input class='gfield-choice-input' name='input_8.3' type='checkbox'  value='Rosemere \/ Lorraine'  id='choice_5_8_3'   \/>\n\t\t\t\t\t\t\t\t<label for='choice_5_8_3' id='label_5_8_3' class='gform-field-label gform-field-label--type-inline'>Rosemere \/ Lorraine<\/label>\n\t\t\t\t\t\t\t<\/div><div class='gchoice gchoice_5_8_4'>\n\t\t\t\t\t\t\t\t<input class='gfield-choice-input' name='input_8.4' type='checkbox'  value='Sainte-Therese'  id='choice_5_8_4'   \/>\n\t\t\t\t\t\t\t\t<label for='choice_5_8_4' id='label_5_8_4' class='gform-field-label gform-field-label--type-inline'>Saint Therese<\/label>\n\t\t\t\t\t\t\t<\/div><div class='gchoice gchoice_5_8_5'>\n\t\t\t\t\t\t\t\t<input class='gfield-choice-input' name='input_8.5' type='checkbox'  value='Laurentides'  id='choice_5_8_5'   \/>\n\t\t\t\t\t\t\t\t<label for='choice_5_8_5' id='label_5_8_5' class='gform-field-label gform-field-label--type-inline'>Laurentians<\/label>\n\t\t\t\t\t\t\t<\/div><div class='gchoice gchoice_5_8_6'>\n\t\t\t\t\t\t\t\t<input class='gfield-choice-input' name='input_8.6' type='checkbox'  value='Mascouche'  id='choice_5_8_6'   \/>\n\t\t\t\t\t\t\t\t<label for='choice_5_8_6' id='label_5_8_6' class='gform-field-label gform-field-label--type-inline'>Mascouche<\/label>\n\t\t\t\t\t\t\t<\/div><div class='gchoice gchoice_5_8_7'>\n\t\t\t\t\t\t\t\t<input class='gfield-choice-input' name='input_8.7' type='checkbox'  value='Lanaudi\u00e8re'  id='choice_5_8_7'   \/>\n\t\t\t\t\t\t\t\t<label for='choice_5_8_7' id='label_5_8_7' class='gform-field-label gform-field-label--type-inline'>Lanaudiere<\/label>\n\t\t\t\t\t\t\t<\/div><div class='gchoice gchoice_5_8_8'>\n\t\t\t\t\t\t\t\t<input class='gfield-choice-input' name='input_8.8' type='checkbox'  value='Vaudreuil-Dorion'  id='choice_5_8_8'   \/>\n\t\t\t\t\t\t\t\t<label for='choice_5_8_8' id='label_5_8_8' class='gform-field-label gform-field-label--type-inline'>Vaudreuil-Dorion<\/label>\n\t\t\t\t\t\t\t<\/div><div class='gchoice gchoice_5_8_9'>\n\t\t\t\t\t\t\t\t<input class='gfield-choice-input' name='input_8.9' type='checkbox'  value='Les Coteaux \/ Les C\u00e8dres \/ Saint-Zotique'  id='choice_5_8_9'   \/>\n\t\t\t\t\t\t\t\t<label for='choice_5_8_9' id='label_5_8_9' class='gform-field-label gform-field-label--type-inline'>The Hillsides \/ The Cedars \/ Saint-Zotique<\/label>\n\t\t\t\t\t\t\t<\/div><div class='gchoice gchoice_5_8_11'>\n\t\t\t\t\t\t\t\t<input class='gfield-choice-input' name='input_8.11' type='checkbox'  value='Chateauguay'  id='choice_5_8_11'   \/>\n\t\t\t\t\t\t\t\t<label for='choice_5_8_11' id='label_5_8_11' class='gform-field-label gform-field-label--type-inline'>Chateauguay<\/label>\n\t\t\t\t\t\t\t<\/div><div class='gchoice gchoice_5_8_12'>\n\t\t\t\t\t\t\t\t<input class='gfield-choice-input' name='input_8.12' type='checkbox'  value='Saint-Constant \/ Delson'  id='choice_5_8_12'   \/>\n\t\t\t\t\t\t\t\t<label for='choice_5_8_12' id='label_5_8_12' class='gform-field-label gform-field-label--type-inline'>Saint-Constant \/ Delson<\/label>\n\t\t\t\t\t\t\t<\/div><div class='gchoice gchoice_5_8_13'>\n\t\t\t\t\t\t\t\t<input class='gfield-choice-input' name='input_8.13' type='checkbox'  value='Brossard'  id='choice_5_8_13'   \/>\n\t\t\t\t\t\t\t\t<label for='choice_5_8_13' id='label_5_8_13' class='gform-field-label gform-field-label--type-inline'>Brossard<\/label>\n\t\t\t\t\t\t\t<\/div><div class='gchoice gchoice_5_8_14'>\n\t\t\t\t\t\t\t\t<input class='gfield-choice-input' name='input_8.14' type='checkbox'  value='Boucherville \/ Saint- Julie'  id='choice_5_8_14'   \/>\n\t\t\t\t\t\t\t\t<label for='choice_5_8_14' id='label_5_8_14' class='gform-field-label gform-field-label--type-inline'>Boucherville \/ Saint-Julie<\/label>\n\t\t\t\t\t\t\t<\/div><\/div><\/div><\/fieldset><div id=\"field_5_13\" class=\"gfield gfield--type-textarea gfield--input-type-textarea gfield--width-full field_sublabel_below gfield--no-description field_description_below field_validation_below gfield_visibility_visible\"  data-js-reload=\"field_5_13\" ><label class='gfield_label gform-field-label' for='input_5_13'>AUTRE<\/label><div class='ginput_container ginput_container_textarea'><textarea name='input_13' id='input_5_13' class='textarea small'      aria-invalid=\"false\"   rows='10' cols='50'><\/textarea><\/div><\/div><\/div><\/div>\n        <div class='gform-footer gform_footer top_label'> <input type='submit' id='gform_submit_button_5' class='gform_button button' onclick='gform.submission.handleButtonClick(this);' value='Submit'  \/> \n            <input type='hidden' class='gform_hidden' name='gform_submission_method' data-js='gform_submission_method_5' value='postback' \/>\n            <input type='hidden' class='gform_hidden' name='gform_theme' data-js='gform_theme_5' id='gform_theme_5' value='gravity-theme' \/>\n            <input type='hidden' class='gform_hidden' name='gform_style_settings' data-js='gform_style_settings_5' id='gform_style_settings_5' value='' \/>\n            <input type='hidden' class='gform_hidden' name='is_submit_5' value='1' \/>\n            <input type='hidden' class='gform_hidden' name='gform_submit' value='5' \/>\n            \n            <input type='hidden' class='gform_hidden' name='gform_unique_id' value='' \/>\n            <input type='hidden' class='gform_hidden' name='state_5' value='WyJ7XCI2LjFcIjpcImU5ODQ2MmRmYTBjYWNmYWEyNTQ4YWRjYzc4ZTExYTUyXCIsXCI2LjJcIjpcIjE4MmRlMTI5ZWQxNTg1ZDc4ZGE3NTljOTBjMjI5YTk2XCIsXCI2LjNcIjpcImI3MjYyMmYzOGEzMWM0MWU5MWM3Y2UyZTcyYjhhN2VkXCIsXCI2LjRcIjpcIjM4NmNiYjY2OGViYWQyOWRhYjEyZDc3OTE1YjUxZTdiXCIsXCI2LjVcIjpcImRkNDU1YTA1NDlmODFiNDQ3ZDE3NzQxZDExMDAyMGIzXCIsXCI2LjZcIjpcIjBjOWI0MzI4ZGZiZjc4YjVlMTdlZjkwMjcwZGQ1ZWQ3XCIsXCI2LjdcIjpcIjY1YmM5ZTBjMjI1MzMwZjJmNjBhNGYyYzNkNmE5MDNmXCIsXCI2LjhcIjpcIjUwZWMzN2RlY2JjNTMxODQzNTI1ZGQ2ODAyODY3MmI3XCIsXCI2LjlcIjpcImE3MGQxOTY1OWE1ODQ1NTk1ZDE0ZGM3NmQ2OTI3MmMwXCIsXCI2LjExXCI6XCJhNzNiYWI3OTc4ODU4Y2I4NWY5YmFjMTQwMWIyOTJlN1wiLFwiNi4xMlwiOlwiZjc1NTgyZGVhODliMTU3NWQ3NzA2OTY2NGQxNzMyMzZcIixcIjYuMTNcIjpcIjcwYjViODQ5MWNhYWY3NWY0YTNjZGI4MjczNmU2Nzg2XCIsXCI2LjE0XCI6XCI5Y2M4ODBmNmM0ODFmNmYzOWVlYTg3NWYyNjQwYjc5OVwiLFwiNi4xNVwiOlwiZmY5YzMyZDI4MjIxZTBmNmFjMzE0Yjc2ZDFkMWY1MTlcIixcIjguMVwiOlwiNmU5NDk4NjllY2UxNWY5MjQyMWY1MWUzZDAyYzI3ZWFcIixcIjguMlwiOlwiZjk5YmVjYmQ4YzFhNjQyYzUzNmNjMjlkMThkNGY2YzZcIixcIjguM1wiOlwiYTdiY2M2MzdlMDQxYzBjMWNmMjhiMzg3NTUwZWVhNTFcIixcIjguNFwiOlwiZTQwOTZjYjZiNDMyYjczZDExYzIyZDExYWRiNDkxMmFcIixcIjguNVwiOlwiMzA2MmRlN2MyZDFhN2Q3NGM4NDkyY2ZkYWIwNTNmYWFcIixcIjguNlwiOlwiMmFiZDY4ZmQ3NTJhNGJhNDE1NWZiZjVkYzAzN2M1NThcIixcIjguN1wiOlwiNjMzMTBjMzc3NjNlNmNmNjhkOTRjNzc4NGRmODNiM2FcIixcIjguOFwiOlwiNDFkNjIyZjY2NTJjMDBhMWMxMmM3ZDQyNmU2Y2MyMTdcIixcIjguOVwiOlwiZmZmZDk0Yjc2NzFkZDU5YzlkOTljOGQ3ZTgxOTA0OTZcIixcIjguMTFcIjpcIjgyODE4NDkyY2Q4MzllZDA1MTc3YTFiNjg5MTNiYzhiXCIsXCI4LjEyXCI6XCI2MDExN2E4YmJhMTg5ZTY2OTc1MDgwOTFjZTBlNTEwZFwiLFwiOC4xM1wiOlwiOGJkNWFhY2RhOGI2ZGY3ZTk4Nzc5ZWVjODMwNWFiMmZcIixcIjguMTRcIjpcImRhZDg0YmI3MjI4ZmYzMjE5ZDk0Nzg5NDk5ZGRjZDA4XCJ9IiwiZDI3MDliMWNjNjY5YTMyODkxMzE3YThlZjE0NjA0MjgiXQ==' \/>\n            <input type='hidden' autocomplete='off' class='gform_hidden' name='gform_target_page_number_5' id='gform_target_page_number_5' value='0' \/>\n            <input type='hidden' autocomplete='off' class='gform_hidden' name='gform_source_page_number_5' id='gform_source_page_number_5' value='1' \/>\n            <input type='hidden' name='gform_field_values' value='' \/>\n            \n        <\/div>\n                        <input type=\"hidden\" name=\"trp-form-language\" value=\"en\"\/><\/form>\n                        <\/div><script type=\"text\/javascript\">\n\/* <![CDATA[ *\/\n gform.initializeOnLoaded( function() {gformInitSpinner( 5, 'https:\/\/mehdiabdesmad.ca\/wp-content\/plugins\/gravityforms\/images\/spinner.svg', true );jQuery('#gform_ajax_frame_5').on('load',function(){var contents = jQuery(this).contents().find('*').html();var is_postback = contents.indexOf('GF_AJAX_POSTBACK') >= 0;if(!is_postback){return;}var form_content = jQuery(this).contents().find('#gform_wrapper_5');var is_confirmation = jQuery(this).contents().find('#gform_confirmation_wrapper_5').length > 0;var is_redirect = contents.indexOf('gformRedirect(){') >= 0;var is_form = form_content.length > 0 && ! is_redirect && ! is_confirmation;var mt = parseInt(jQuery('html').css('margin-top'), 10) + parseInt(jQuery('body').css('margin-top'), 10) + 100;if(is_form){jQuery('#gform_wrapper_5').html(form_content.html());if(form_content.hasClass('gform_validation_error')){jQuery('#gform_wrapper_5').addClass('gform_validation_error');} else {jQuery('#gform_wrapper_5').removeClass('gform_validation_error');}setTimeout( function() { \/* delay the scroll by 50 milliseconds to fix a bug in chrome *\/  }, 50 );if(window['gformInitDatepicker']) {gformInitDatepicker();}if(window['gformInitPriceFields']) {gformInitPriceFields();}var current_page = jQuery('#gform_source_page_number_5').val();gformInitSpinner( 5, 'https:\/\/mehdiabdesmad.ca\/wp-content\/plugins\/gravityforms\/images\/spinner.svg', true );jQuery(document).trigger('gform_page_loaded', [5, current_page]);window['gf_submitting_5'] = false;}else if(!is_redirect){var confirmation_content = jQuery(this).contents().find('.GF_AJAX_POSTBACK').html();if(!confirmation_content){confirmation_content = contents;}jQuery('#gform_wrapper_5').replaceWith(confirmation_content);jQuery(document).trigger('gform_confirmation_loaded', [5]);window['gf_submitting_5'] = false;wp.a11y.speak(jQuery('#gform_confirmation_message_5').text());}else{jQuery('#gform_5').append(contents);if(window['gformRedirect']) {gformRedirect();}}jQuery(document).trigger(\"gform_pre_post_render\", [{ formId: \"5\", currentPage: \"current_page\", abort: function() { this.preventDefault(); } }]);                if (event && event.defaultPrevented) {                return;         }        const gformWrapperDiv = document.getElementById( \"gform_wrapper_5\" );        if ( gformWrapperDiv ) {            const visibilitySpan = document.createElement( \"span\" );            visibilitySpan.id = \"gform_visibility_test_5\";            gformWrapperDiv.insertAdjacentElement( \"afterend\", visibilitySpan );        }        const visibilityTestDiv = document.getElementById( \"gform_visibility_test_5\" );        let postRenderFired = false;                function triggerPostRender() {            if ( postRenderFired ) {                return;            }            postRenderFired = true;            jQuery( document ).trigger( 'gform_post_render', [5, current_page] );            gform.utils.trigger( { event: 'gform\/postRender', native: false, data: { formId: 5, currentPage: current_page } } );            gform.utils.trigger( { event: 'gform\/post_render', native: false, data: { formId: 5, currentPage: current_page } } );            if ( visibilityTestDiv ) {                visibilityTestDiv.parentNode.removeChild( visibilityTestDiv );            }        }        function debounce( func, wait, immediate ) {            var timeout;            return function() {                var context = this, args = arguments;                var later = function() {                    timeout = null;                    if ( !immediate ) func.apply( context, args );                };                var callNow = immediate && !timeout;                clearTimeout( timeout );                timeout = setTimeout( later, wait );                if ( callNow ) func.apply( context, args );            };        }        const debouncedTriggerPostRender = debounce( function() {            triggerPostRender();        }, 200 );        if ( visibilityTestDiv && visibilityTestDiv.offsetParent === null ) {            const observer = new MutationObserver( ( mutations ) => {                mutations.forEach( ( mutation ) => {                    if ( mutation.type === 'attributes' && visibilityTestDiv.offsetParent !== null ) {                        debouncedTriggerPostRender();                        observer.disconnect();                    }                });            });            observer.observe( document.body, {                attributes: true,                childList: false,                subtree: true,                attributeFilter: [ 'style', 'class' ],            });        } else {            triggerPostRender();        }    } );} ); \n\/* ]]> *\/\n<\/script>\n<\/div>\n\t\t\t\t\t\t<\/div>\n\t\t\t\t<\/div>\n\t\t\t\t<\/div>\n\t\t\t\t<\/div>\n\t\t\t\t\t<\/div>\n\t\t\t\t<\/div>\n\t\t\t\t<\/div>","protected":false},"excerpt":{"rendered":"<p>Alertes immobili\u00e8res Inscrivez-vous gratuitement \u00e0 l&rsquo;alerte immobili\u00e8re et recevez toutes les nouveaut\u00e9s r\u00e9pondant \u00e0 vos crit\u00e8res d\u00e8s leur mise en ligne. Ne manquez aucune opportunit\u00e9! O\u00d9 D\u00c9SIREZ-VOUS ACHETER?<\/p>","protected":false},"author":1,"featured_media":0,"parent":0,"menu_order":0,"comment_status":"closed","ping_status":"closed","template":"elementor_header_footer","meta":{"footnotes":""},"class_list":["post-26385","page","type-page","status-publish","hentry"],"acf":[],"_links":{"self":[{"href":"https:\/\/mehdiabdesmad.ca\/en\/wp-json\/wp\/v2\/pages\/26385","targetHints":{"allow":["GET"]}}],"collection":[{"href":"https:\/\/mehdiabdesmad.ca\/en\/wp-json\/wp\/v2\/pages"}],"about":[{"href":"https:\/\/mehdiabdesmad.ca\/en\/wp-json\/wp\/v2\/types\/page"}],"author":[{"embeddable":true,"href":"https:\/\/mehdiabdesmad.ca\/en\/wp-json\/wp\/v2\/users\/1"}],"replies":[{"embeddable":true,"href":"https:\/\/mehdiabdesmad.ca\/en\/wp-json\/wp\/v2\/comments?post=26385"}],"version-history":[{"count":95,"href":"https:\/\/mehdiabdesmad.ca\/en\/wp-json\/wp\/v2\/pages\/26385\/revisions"}],"predecessor-version":[{"id":28522,"href":"https:\/\/mehdiabdesmad.ca\/en\/wp-json\/wp\/v2\/pages\/26385\/revisions\/28522"}],"wp:attachment":[{"href":"https:\/\/mehdiabdesmad.ca\/en\/wp-json\/wp\/v2\/media?parent=26385"}],"curies":[{"name":"wp","href":"https:\/\/api.w.org\/{rel}","templated":true}]}}