{"id":26290,"date":"2024-12-08T07:15:09","date_gmt":"2024-12-08T07:15:09","guid":{"rendered":"https:\/\/ecom.themetodo.com\/property\/?page_id=26290"},"modified":"2025-03-28T09:11:21","modified_gmt":"2025-03-28T09:11:21","slug":"evaluation-gratuite","status":"publish","type":"page","link":"https:\/\/mehdiabdesmad.ca\/en\/evaluation-gratuite\/","title":{"rendered":"free-evaluation"},"content":{"rendered":"<div data-elementor-type=\"wp-page\" data-elementor-id=\"26290\" class=\"elementor elementor-26290\" data-elementor-post-type=\"page\">\n\t\t\t\t<div class=\"elementor-element elementor-element-b83fb62 e-con-full e-flex e-con e-parent\" data-id=\"b83fb62\" data-element_type=\"container\">\n\t\t<div class=\"elementor-element elementor-element-47cbfe5 e-con-full e-flex e-con e-child\" data-id=\"47cbfe5\" data-element_type=\"container\">\n\t\t\t\t<div class=\"elementor-element elementor-element-6b9d21c dce_masking-none elementor-widget elementor-widget-image\" data-id=\"6b9d21c\" data-element_type=\"widget\" data-widget_type=\"image.default\">\n\t\t\t\t<div class=\"elementor-widget-container\">\n\t\t\t\t\t\t\t\t\t\t\t\t\t\t\t<img fetchpriority=\"high\" decoding=\"async\" width=\"1500\" height=\"1250\" src=\"https:\/\/mehdiabdesmad.ca\/wp-content\/uploads\/2024\/12\/banner-5.jpg\" class=\"attachment-full size-full wp-image-26301\" alt=\"\" srcset=\"https:\/\/mehdiabdesmad.ca\/wp-content\/uploads\/2024\/12\/banner-5.jpg 1500w, https:\/\/mehdiabdesmad.ca\/wp-content\/uploads\/2024\/12\/banner-5-300x250.jpg 300w, https:\/\/mehdiabdesmad.ca\/wp-content\/uploads\/2024\/12\/banner-5-1024x853.jpg 1024w, https:\/\/mehdiabdesmad.ca\/wp-content\/uploads\/2024\/12\/banner-5-768x640.jpg 768w\" sizes=\"(max-width: 1500px) 100vw, 1500px\" \/>\t\t\t\t\t\t\t\t\t\t\t\t\t\t\t<\/div>\n\t\t\t\t<\/div>\n\t\t\t\t<\/div>\n\t\t<div class=\"elementor-element elementor-element-1a6f5bc e-con-full e-flex e-con e-child\" data-id=\"1a6f5bc\" data-element_type=\"container\">\n\t\t\t\t<div class=\"elementor-element elementor-element-8aeec1d animated-fast elementor-invisible elementor-widget elementor-widget-heading\" data-id=\"8aeec1d\" data-element_type=\"widget\" data-settings=\"{&quot;_animation&quot;:&quot;fadeInUp&quot;}\" data-widget_type=\"heading.default\">\n\t\t\t\t<div class=\"elementor-widget-container\">\n\t\t\t\t\t<h2 class=\"elementor-heading-title elementor-size-default\">What is the value <br> of your property?<\/h2>\t\t\t\t<\/div>\n\t\t\t\t<\/div>\n\t\t\t\t<div class=\"elementor-element elementor-element-4d05d31 elementor_form_class elementor-button-align-stretch elementor-widget elementor-widget-form\" data-id=\"4d05d31\" data-element_type=\"widget\" data-settings=\"{&quot;step_next_label&quot;:&quot;SUIVANT&quot;,&quot;step_previous_label&quot;:&quot;PR\\u00c9C\\u00c9DENT&quot;,&quot;step_type&quot;:&quot;text&quot;,&quot;button_width&quot;:&quot;100&quot;,&quot;dce_confirm_dialog_enabled&quot;:&quot;no&quot;,&quot;label_icon_size&quot;:{&quot;unit&quot;:&quot;px&quot;,&quot;size&quot;:&quot;&quot;,&quot;sizes&quot;:[]},&quot;field_icon_size&quot;:{&quot;unit&quot;:&quot;px&quot;,&quot;size&quot;:&quot;&quot;,&quot;sizes&quot;:[]}}\" data-widget_type=\"form.default\">\n\t\t\t\t<div class=\"elementor-widget-container\">\n\t\t\t\t\t\t\t<form class=\"elementor-form\" method=\"post\" name=\"New Form\" novalidate=\"\" action=\"\">\n\t\t\t<input type=\"hidden\" name=\"post_id\" value=\"26290\"\/>\n\t\t\t<input type=\"hidden\" name=\"form_id\" value=\"4d05d31\"\/>\n\t\t\t<input type=\"hidden\" name=\"referer_title\" value=\"evaluation-gratuite\" \/>\n\n\t\t\t\t\t\t\t<input type=\"hidden\" name=\"queried_id\" value=\"26290\"\/>\n\t\t\t\n\t\t\t<div class=\"elementor-form-fields-wrapper elementor-labels-above\">\n\t\t\t\t\t\t\t\t<div class=\"elementor-field-type-step elementor-field-group elementor-column elementor-field-group-field_550a70d elementor-col-100\">\n\t\t\t\t\t\t\t<div class=\"e-field-step elementor-hidden\" data-label=\"\u00c9tape 1 Adresse dc la propri\u00e9t\u00e9\" data-previousbutton=\"\" data-nextbutton=\"\" data-iconurl=\"\" data-iconlibrary=\"fas fa-star\" data-icon=\"&lt;svg class=&quot;e-font-icon-svg e-fas-star&quot; viewBox=&quot;0 0 576 512&quot; xmlns=&quot;http:\/\/www.w3.org\/2000\/svg&quot;&gt;&lt;path d=&quot;M259.3 17.8L194 150.2 47.9 171.5c-26.2 3.8-36.7 36.1-17.7 54.6l105.7 103-25 145.5c-4.5 26.3 23.2 46 46.4 33.7L288 439.6l130.7 68.7c23.2 12.2 50.9-7.4 46.4-33.7l-25-145.5 105.7-103c19-18.5 8.5-50.8-17.7-54.6L382 150.2 316.7 17.8c-11.7-23.6-45.6-23.9-57.4 0z&quot;&gt;&lt;\/path&gt;&lt;\/svg&gt;\" ><\/div>\n\n\t\t\t\t\t\t<\/div>\n\t\t\t\t\t\t\t\t<div class=\"elementor-field-type-text elementor-field-group elementor-column elementor-field-group-name elementor-col-80 elementor-field-required\">\n\t\t\t\t\t\t\t\t\t\t\t\t\t<input size=\"1\" type=\"text\" name=\"form_fields[name]\" id=\"form-field-name\" class=\"elementor-field elementor-size-lg  elementor-field-textual\" placeholder=\"Enter your address to get started\" required=\"required\">\n\t\t\t\t\t\t\t\t\t\t\t<\/div>\n\t\t\t\t\t\t\t\t<div class=\"elementor-field-type-text elementor-field-group elementor-column elementor-field-group-field_6fbd2c8 elementor-col-20\">\n\t\t\t\t\t\t\t\t\t\t\t\t\t<input size=\"1\" type=\"text\" name=\"form_fields[field_6fbd2c8]\" id=\"form-field-field_6fbd2c8\" class=\"elementor-field elementor-size-lg  elementor-field-textual\" placeholder=\"Apt#\">\n\t\t\t\t\t\t\t\t\t\t\t<\/div>\n\t\t\t\t\t\t\t\t<div class=\"elementor-field-type-step elementor-field-group elementor-column elementor-field-group-field_a4df20f elementor-col-100\">\n\t\t\t\t\t\t\t<div class=\"e-field-step elementor-hidden\" data-label=\"\u00c9tape 2 D\u00e9tails de la propri\u00e9t\u00e9\" data-previousbutton=\"\" data-nextbutton=\"\" data-iconurl=\"\" data-iconlibrary=\"fas fa-star\" data-icon=\"&lt;svg class=&quot;e-font-icon-svg e-fas-star&quot; viewBox=&quot;0 0 576 512&quot; xmlns=&quot;http:\/\/www.w3.org\/2000\/svg&quot;&gt;&lt;path d=&quot;M259.3 17.8L194 150.2 47.9 171.5c-26.2 3.8-36.7 36.1-17.7 54.6l105.7 103-25 145.5c-4.5 26.3 23.2 46 46.4 33.7L288 439.6l130.7 68.7c23.2 12.2 50.9-7.4 46.4-33.7l-25-145.5 105.7-103c19-18.5 8.5-50.8-17.7-54.6L382 150.2 316.7 17.8c-11.7-23.6-45.6-23.9-57.4 0z&quot;&gt;&lt;\/path&gt;&lt;\/svg&gt;\" ><\/div>\n\n\t\t\t\t\t\t<\/div>\n\t\t\t\t\t\t\t\t<div class=\"elementor-field-type-text elementor-field-group elementor-column elementor-field-group-field_5800cfc elementor-col-100 elementor-field-required\">\n\t\t\t\t\t\t\t\t\t\t\t\t\t<input size=\"1\" type=\"text\" name=\"form_fields[field_5800cfc]\" id=\"form-field-field_5800cfc\" class=\"elementor-field elementor-size-lg  elementor-field-textual\" placeholder=\"Your Name\" required=\"required\">\n\t\t\t\t\t\t\t\t\t\t\t<\/div>\n\t\t\t\t\t\t\t\t<div class=\"elementor-field-type-email elementor-field-group elementor-column elementor-field-group-field_3430308 elementor-col-100 elementor-field-required\">\n\t\t\t\t\t\t\t\t\t\t\t\t\t<input size=\"1\" type=\"email\" name=\"form_fields[field_3430308]\" id=\"form-field-field_3430308\" class=\"elementor-field elementor-size-lg  elementor-field-textual\" placeholder=\"Your Email\" required=\"required\">\n\t\t\t\t\t\t\t\t\t\t\t<\/div>\n\t\t\t\t\t\t\t\t<div class=\"elementor-field-type-tel elementor-field-group elementor-column elementor-field-group-field_a884778 elementor-col-100 elementor-field-required\">\n\t\t\t\t\t\t\t<input size=\"1\" type=\"tel\" name=\"form_fields[field_a884778]\" id=\"form-field-field_a884778\" class=\"elementor-field elementor-size-lg  elementor-field-textual\" placeholder=\"Your Phone\" required=\"required\" pattern=\"[0-9()#&amp;+*-=.]+\" title=\"Only numbers and phone characters (#, -, *, etc) are accepted.\" data-no-translation-title=\"\">\n\n\t\t\t\t\t\t<\/div>\n\t\t\t\t\t\t\t\t<div class=\"elementor-field-type-select elementor-field-group elementor-column elementor-field-group-field_4569abb elementor-col-100 elementor-field-required\">\n\t\t\t\t\t\t\t<div class=\"elementor-field elementor-select-wrapper remove-before\">\n\t\t\t<div class=\"select-caret-down-wrapper\">\n\t\t\t\t<svg aria-hidden=\"true\" class=\"e-font-icon-svg e-eicon-caret-down\" viewbox=\"0 0 571.4 571.4\" xmlns=\"http:\/\/www.w3.org\/2000\/svg\"><path d=\"M571 393Q571 407 561 418L311 668Q300 679 286 679T261 668L11 418Q0 407 0 393T11 368 36 357H536Q550 357 561 368T571 393Z\"><\/path><\/svg>\t\t\t<\/div>\n\t\t\t<select name=\"form_fields[field_4569abb]\" id=\"form-field-field_4569abb\" class=\"elementor-field-textual elementor-size-lg\" required=\"required\">\n\t\t\t\t\t\t\t\t\t<option value=\"\u2014Date de la vente\u2014\">\u2014Date de la vente\u2014<\/option>\n\t\t\t\t\t\t\t\t\t<option value=\"1 a 3 Mois\">1 a 3 Mois<\/option>\n\t\t\t\t\t\t\t\t\t<option value=\"6 Mois\">6 Mois<\/option>\n\t\t\t\t\t\t\t\t\t<option value=\"6 a 12 Mois\">6 a 12 Mois<\/option>\n\t\t\t\t\t\t\t\t\t<option value=\"Just Curious\">Just Curious<\/option>\n\t\t\t\t\t\t\t\t\t<option value=\"Refinancement\">Refinancement<\/option>\n\t\t\t\t\t\t\t<\/select>\n\t\t<\/div>\n\t\t\t\t\t\t<\/div>\n\t\t\t\t\t\t\t\t<div class=\"elementor-field-group elementor-column elementor-field-type-submit elementor-col-100 e-form__buttons\">\n\t\t\t\t\t<button class=\"elementor-button elementor-size-sm\" type=\"submit\">\n\t\t\t\t\t\t<span class=\"elementor-button-content-wrapper\">\n\t\t\t\t\t\t\t\t\t\t\t\t\t\t\t\t\t\t\t\t\t\t<span class=\"elementor-button-text\">Following<\/span>\n\t\t\t\t\t\t\t\t\t\t\t\t\t<\/span>\n\t\t\t\t\t<\/button>\n\t\t\t\t<\/div>\n\t\t\t<\/div>\n\t\t<input type=\"hidden\" name=\"trp-form-language\" value=\"en\"\/><\/form>\n\t\t\t\t\t\t<\/div>\n\t\t\t\t<\/div>\n\t\t\t\t<\/div>\n\t\t\t\t<\/div>\n\t\t\t\t<\/div>","protected":false},"excerpt":{"rendered":"<p>Quelle est la valeur de votre propri\u00e9t\u00e9 ?<\/p>","protected":false},"author":1,"featured_media":0,"parent":0,"menu_order":0,"comment_status":"closed","ping_status":"closed","template":"elementor_header_footer","meta":{"footnotes":""},"class_list":["post-26290","page","type-page","status-publish","hentry"],"acf":[],"_links":{"self":[{"href":"https:\/\/mehdiabdesmad.ca\/en\/wp-json\/wp\/v2\/pages\/26290","targetHints":{"allow":["GET"]}}],"collection":[{"href":"https:\/\/mehdiabdesmad.ca\/en\/wp-json\/wp\/v2\/pages"}],"about":[{"href":"https:\/\/mehdiabdesmad.ca\/en\/wp-json\/wp\/v2\/types\/page"}],"author":[{"embeddable":true,"href":"https:\/\/mehdiabdesmad.ca\/en\/wp-json\/wp\/v2\/users\/1"}],"replies":[{"embeddable":true,"href":"https:\/\/mehdiabdesmad.ca\/en\/wp-json\/wp\/v2\/comments?post=26290"}],"version-history":[{"count":242,"href":"https:\/\/mehdiabdesmad.ca\/en\/wp-json\/wp\/v2\/pages\/26290\/revisions"}],"predecessor-version":[{"id":28665,"href":"https:\/\/mehdiabdesmad.ca\/en\/wp-json\/wp\/v2\/pages\/26290\/revisions\/28665"}],"wp:attachment":[{"href":"https:\/\/mehdiabdesmad.ca\/en\/wp-json\/wp\/v2\/media?parent=26290"}],"curies":[{"name":"wp","href":"https:\/\/api.w.org\/{rel}","templated":true}]}}