{"id":25257,"date":"2024-12-07T07:15:09","date_gmt":"2024-12-07T07:15:09","guid":{"rendered":"https:\/\/ecom.themetodo.com\/property\/?page_id=25257"},"modified":"2025-03-23T17:40:19","modified_gmt":"2025-03-23T17:40:19","slug":"acheteurs","status":"publish","type":"page","link":"https:\/\/mehdiabdesmad.ca\/en\/acheteurs\/","title":{"rendered":"Buyers"},"content":{"rendered":"<div data-elementor-type=\"wp-page\" data-elementor-id=\"25257\" class=\"elementor elementor-25257\" data-elementor-post-type=\"page\">\n\t\t\t\t<div data-dce-background-color=\"#111111\" data-dce-background-overlay-color=\"#000000\" data-dce-background-image-url=\"https:\/\/mehdiabdesmad.ca\/wp-content\/uploads\/2024\/12\/20718448-01.jpg\" class=\"elementor-element elementor-element-75c8e76 animated-slow e-con-full e-flex elementor-invisible e-con e-parent\" data-id=\"75c8e76\" data-element_type=\"container\" data-settings=\"{&quot;background_background&quot;:&quot;classic&quot;,&quot;animation&quot;:&quot;fadeIn&quot;}\">\n\t\t<div class=\"elementor-element elementor-element-3d0657b e-flex e-con-boxed e-con e-child\" data-id=\"3d0657b\" data-element_type=\"container\" data-settings=\"{&quot;background_background&quot;:&quot;classic&quot;}\">\n\t\t\t\t\t<div class=\"e-con-inner\">\n\t\t\t\t<div class=\"elementor-element elementor-element-0941a6c elementor-widget__width-inherit elementor-widget elementor-widget-heading\" data-id=\"0941a6c\" data-element_type=\"widget\" data-widget_type=\"heading.default\">\n\t\t\t\t<div class=\"elementor-widget-container\">\n\t\t\t\t\t<h2 class=\"elementor-heading-title elementor-size-default\">Buyers\n<\/h2>\t\t\t\t<\/div>\n\t\t\t\t<\/div>\n\t\t\t\t\t<\/div>\n\t\t\t\t<\/div>\n\t\t\t\t<\/div>\n\t\t<div data-dce-background-color=\"#FFFFFF\" class=\"elementor-element elementor-element-2f5bd980 e-flex e-con-boxed e-con e-parent\" data-id=\"2f5bd980\" data-element_type=\"container\" data-settings=\"{&quot;background_background&quot;:&quot;classic&quot;}\">\n\t\t\t\t\t<div class=\"e-con-inner\">\n\t\t<div class=\"elementor-element elementor-element-254bd95b e-con-full e-flex e-con e-child\" data-id=\"254bd95b\" data-element_type=\"container\">\n\t\t\t\t<div class=\"elementor-element elementor-element-44f3e9d9 animated-fast dce_masking-none elementor-invisible elementor-widget elementor-widget-image\" data-id=\"44f3e9d9\" data-element_type=\"widget\" data-settings=\"{&quot;_animation&quot;:&quot;fadeInUp&quot;}\" data-widget_type=\"image.default\">\n\t\t\t\t<div class=\"elementor-widget-container\">\n\t\t\t\t\t\t\t\t\t\t\t\t\t\t\t<img fetchpriority=\"high\" decoding=\"async\" width=\"1000\" height=\"1000\" src=\"https:\/\/mehdiabdesmad.ca\/wp-content\/uploads\/2024\/12\/abdesmad_mehdi_banner_02.jpg\" class=\"attachment-full size-full wp-image-26911\" alt=\"\" srcset=\"https:\/\/mehdiabdesmad.ca\/wp-content\/uploads\/2024\/12\/abdesmad_mehdi_banner_02.jpg 1000w, https:\/\/mehdiabdesmad.ca\/wp-content\/uploads\/2024\/12\/abdesmad_mehdi_banner_02-300x300.jpg 300w, https:\/\/mehdiabdesmad.ca\/wp-content\/uploads\/2024\/12\/abdesmad_mehdi_banner_02-150x150.jpg 150w, https:\/\/mehdiabdesmad.ca\/wp-content\/uploads\/2024\/12\/abdesmad_mehdi_banner_02-768x768.jpg 768w, https:\/\/mehdiabdesmad.ca\/wp-content\/uploads\/2024\/12\/abdesmad_mehdi_banner_02-12x12.jpg 12w, https:\/\/mehdiabdesmad.ca\/wp-content\/uploads\/2024\/12\/abdesmad_mehdi_banner_02-120x120.jpg 120w, https:\/\/mehdiabdesmad.ca\/wp-content\/uploads\/2024\/12\/abdesmad_mehdi_banner_02-45x45.jpg 45w, https:\/\/mehdiabdesmad.ca\/wp-content\/uploads\/2024\/12\/abdesmad_mehdi_banner_02-36x36.jpg 36w, https:\/\/mehdiabdesmad.ca\/wp-content\/uploads\/2024\/12\/abdesmad_mehdi_banner_02-400x400.jpg 400w, https:\/\/mehdiabdesmad.ca\/wp-content\/uploads\/2024\/12\/abdesmad_mehdi_banner_02-600x600.jpg 600w, https:\/\/mehdiabdesmad.ca\/wp-content\/uploads\/2024\/12\/elementor\/thumbs\/abdesmad_mehdi_banner_02-qz7glw3d4n5o5qfzybsqth24k4siebyaqe18h1xlx6.jpg 665w\" sizes=\"(max-width: 1000px) 100vw, 1000px\" \/>\t\t\t\t\t\t\t\t\t\t\t\t\t\t\t<\/div>\n\t\t\t\t<\/div>\n\t\t\t\t<\/div>\n\t\t<div class=\"elementor-element elementor-element-64e14269 e-con-full e-flex e-con e-child\" data-id=\"64e14269\" data-element_type=\"container\">\n\t\t\t\t<div class=\"elementor-element elementor-element-4be24b3c elementor-widget__width-initial animated-fast elementor-invisible elementor-widget elementor-widget-heading\" data-id=\"4be24b3c\" data-element_type=\"widget\" data-settings=\"{&quot;_animation&quot;:&quot;fadeInUp&quot;}\" data-widget_type=\"heading.default\">\n\t\t\t\t<div class=\"elementor-widget-container\">\n\t\t\t\t\t<h2 class=\"elementor-heading-title elementor-size-default\">Buyers<\/h2>\t\t\t\t<\/div>\n\t\t\t\t<\/div>\n\t\t\t\t<div class=\"elementor-element elementor-element-13005934 animated-fast elementor-invisible elementor-widget elementor-widget-text-editor\" data-id=\"13005934\" data-element_type=\"widget\" data-settings=\"{&quot;_animation&quot;:&quot;fadeInUp&quot;,&quot;_animation_delay&quot;:200}\" data-widget_type=\"text-editor.default\">\n\t\t\t\t<div class=\"elementor-widget-container\">\n\t\t\t\t\t\t\t\t\t<p data-ccp-border-bottom=\"0px none #000000\" data-ccp-padding-bottom=\"0px\" data-ccp-border-between=\"0px none #000000\" data-ccp-padding-between=\"0px\"><span data-contrast=\"none\">With local expertise and an international vision, Mehdi Abdesmad is the ideal partner to make your real estate projects a reality. Passionate about the market <\/span><span data-contrast=\"none\">qu<\/span><span data-contrast=\"none\">\u00e9b\u00e9cois et ses multiples opportunit\u00e9s, Mehdi cible vos besoins sp\u00e9cifiques, s\u00e9lectionne des propri\u00e9t\u00e9s correspondant \u00e0 <\/span><span data-contrast=\"none\">your cri<\/span><span data-contrast=\"none\">e<\/span><span data-contrast=\"none\">res and personally accompanies you every step of the way, until you find the perfect property.<\/span><span data-ccp-props=\"{&quot;134245417&quot;:true,&quot;134245418&quot;:false,&quot;134245529&quot;:false,&quot;201341983&quot;:0,&quot;335551550&quot;:1,&quot;335551620&quot;:1,&quot;335557856&quot;:4278190080,&quot;335559685&quot;:0,&quot;335559731&quot;:0,&quot;335559737&quot;:0,&quot;335559738&quot;:0,&quot;335559739&quot;:240,&quot;335559740&quot;:240}\">\u00a0<\/span><\/p><p data-ccp-border-between=\"0px none #000000\" data-ccp-padding-between=\"0px\"><span data-contrast=\"none\">From the dice<\/span><span data-contrast=\"none\">aim <\/span><span data-contrast=\"none\">At the end of the transaction, Mehdi is at <\/span><span data-contrast=\"none\">your<\/span><span data-contrast=\"none\">removed: an expert who guides you through an often complex process, represents you in negotiations, and supports you with clear and strategic advice. With Mehdi, you benefi<\/span><span data-contrast=\"none\">benefit from<\/span><span data-contrast=\"none\">a positive and hassle-free shopping experience.<\/span><span data-ccp-props=\"{&quot;134245417&quot;:true,&quot;134245418&quot;:false,&quot;134245529&quot;:false,&quot;201341983&quot;:0,&quot;335551550&quot;:1,&quot;335551620&quot;:1,&quot;335557856&quot;:4278190080,&quot;335559685&quot;:0,&quot;335559731&quot;:0,&quot;335559737&quot;:0,&quot;335559738&quot;:0,&quot;335559739&quot;:240,&quot;335559740&quot;:240}\">\u00a0<\/span><\/p><ul><li data-leveltext=\"\u2022\" data-font=\"Times Roman\" data-listid=\"2\" data-list-defn-props=\"{&quot;134224900&quot;:true,&quot;201340374&quot;:0,&quot;335552541&quot;:1,&quot;335559685&quot;:720,&quot;335559991&quot;:500,&quot;469769226&quot;:&quot;Times Roman&quot;,&quot;469769242&quot;:[8226],&quot;469777803&quot;:&quot;left&quot;,&quot;469777804&quot;:&quot;\u2022&quot;,&quot;469777815&quot;:&quot;hybridMultilevel&quot;}\" aria-setsize=\"-1\" data-aria-posinset=\"1\" data-aria-level=\"1\"><b><span data-contrast=\"none\">A competent and professional real estate broker<\/span><\/b><span data-contrast=\"none\"> : Mehdi combines discipline, financial expertise<\/span><span data-contrast=\"none\">re and in-depth knowledge of the market <\/span><span data-contrast=\"none\">real estate.<\/span><span data-ccp-props=\"{&quot;134245417&quot;:true,&quot;134245418&quot;:false,&quot;134245529&quot;:false,&quot;201341983&quot;:0,&quot;335551550&quot;:1,&quot;335551620&quot;:1,&quot;335557856&quot;:4278190080,&quot;335559737&quot;:0,&quot;335559738&quot;:0,&quot;335559739&quot;:0,&quot;335559740&quot;:240}\">\u00a0<\/span><\/li><\/ul><ul><li data-leveltext=\"\u2022\" data-font=\"Times Roman\" data-listid=\"2\" data-list-defn-props=\"{&quot;134224900&quot;:true,&quot;201340374&quot;:0,&quot;335552541&quot;:1,&quot;335559685&quot;:720,&quot;335559991&quot;:500,&quot;469769226&quot;:&quot;Times Roman&quot;,&quot;469769242&quot;:[8226],&quot;469777803&quot;:&quot;left&quot;,&quot;469777804&quot;:&quot;\u2022&quot;,&quot;469777815&quot;:&quot;hybridMultilevel&quot;}\" aria-setsize=\"-1\" data-aria-posinset=\"2\" data-aria-level=\"1\"><b><span data-contrast=\"none\">A n<\/span><\/b><b><span data-contrast=\"none\">seasoned negotiator<\/span><\/b><span data-contrast=\"none\"> : He is fully committed to negotiating in your interest to maximize your investment.<\/span><span data-ccp-props=\"{&quot;134245417&quot;:true,&quot;134245418&quot;:false,&quot;134245529&quot;:false,&quot;201341983&quot;:0,&quot;335551550&quot;:1,&quot;335551620&quot;:1,&quot;335557856&quot;:4278190080,&quot;335559737&quot;:0,&quot;335559738&quot;:0,&quot;335559739&quot;:0,&quot;335559740&quot;:240}\">\u00a0<\/span><\/li><\/ul><ul><li data-leveltext=\"\u2022\" data-font=\"Times Roman\" data-listid=\"2\" data-list-defn-props=\"{&quot;134224900&quot;:true,&quot;201340374&quot;:0,&quot;335552541&quot;:1,&quot;335559685&quot;:720,&quot;335559991&quot;:500,&quot;469769226&quot;:&quot;Times Roman&quot;,&quot;469769242&quot;:[8226],&quot;469777803&quot;:&quot;left&quot;,&quot;469777804&quot;:&quot;\u2022&quot;,&quot;469777815&quot;:&quot;hybridMultilevel&quot;}\" aria-setsize=\"-1\" data-aria-posinset=\"3\" data-aria-level=\"1\"><b><span data-contrast=\"none\">Tools and systems<\/span><\/b><b><span data-contrast=\"none\">e<\/span><\/b><b><span data-contrast=\"none\">my performers<\/span><\/b><span data-contrast=\"none\"> : Simplify the purchasing process with innovative and efficient solutions.<\/span><span data-ccp-props=\"{&quot;134245417&quot;:true,&quot;134245418&quot;:false,&quot;134245529&quot;:false,&quot;201341983&quot;:0,&quot;335551550&quot;:1,&quot;335551620&quot;:1,&quot;335557856&quot;:4278190080,&quot;335559737&quot;:0,&quot;335559738&quot;:0,&quot;335559739&quot;:0,&quot;335559740&quot;:240}\">\u00a0<\/span><\/li><\/ul><ul><li data-leveltext=\"\u2022\" data-font=\"Times Roman\" data-listid=\"2\" data-list-defn-props=\"{&quot;134224900&quot;:true,&quot;201340374&quot;:0,&quot;335552541&quot;:1,&quot;335559685&quot;:720,&quot;335559991&quot;:500,&quot;469769226&quot;:&quot;Times Roman&quot;,&quot;469769242&quot;:[8226],&quot;469777803&quot;:&quot;left&quot;,&quot;469777804&quot;:&quot;\u2022&quot;,&quot;469777815&quot;:&quot;hybridMultilevel&quot;}\" aria-setsize=\"-1\" data-aria-posinset=\"4\" data-aria-level=\"1\"><b><span data-contrast=\"none\">Personalized support<\/span><\/b><span data-contrast=\"none\"> : From property searches to legal document consultation, Mehdi offers a turnkey service that<\/span><span data-contrast=\"none\">pond <\/span><span data-contrast=\"none\">a <\/span><span data-contrast=\"none\">your expectations.<\/span><span data-ccp-props=\"{&quot;134245417&quot;:true,&quot;134245418&quot;:false,&quot;134245529&quot;:false,&quot;201341983&quot;:0,&quot;335551550&quot;:1,&quot;335551620&quot;:1,&quot;335557856&quot;:4278190080,&quot;335559737&quot;:0,&quot;335559738&quot;:0,&quot;335559739&quot;:0,&quot;335559740&quot;:240}\">\u00a0<\/span><\/li><\/ul><p data-ccp-border-bottom=\"0px none #000000\" data-ccp-padding-bottom=\"0px\" data-ccp-border-between=\"0px none #000000\" data-ccp-padding-between=\"0px\"><span data-contrast=\"none\">With Mehdi Abdesmad, transform your real estate project into a success.<\/span><span data-ccp-props=\"{&quot;134245417&quot;:true,&quot;134245418&quot;:false,&quot;134245529&quot;:false,&quot;201341983&quot;:0,&quot;335551550&quot;:1,&quot;335551620&quot;:1,&quot;335557856&quot;:4278190080,&quot;335559685&quot;:0,&quot;335559731&quot;:0,&quot;335559737&quot;:0,&quot;335559738&quot;:0,&quot;335559739&quot;:240,&quot;335559740&quot;:240}\">\u00a0<\/span><\/p>\t\t\t\t\t\t\t\t<\/div>\n\t\t\t\t<\/div>\n\t\t\t\t<\/div>\n\t\t\t\t\t<\/div>\n\t\t\t\t<\/div>\n\t\t<div data-dce-background-color=\"#FFFFFF\" class=\"elementor-element elementor-element-0af5112 e-con-full elementor-hidden-desktop elementor-hidden-laptop elementor-hidden-tablet_extra elementor-hidden-tablet elementor-hidden-mobile_extra elementor-hidden-mobile e-flex e-con e-parent\" data-id=\"0af5112\" data-element_type=\"container\" data-settings=\"{&quot;background_background&quot;:&quot;classic&quot;}\">\n\t\t<div data-dce-background-color=\"#F5F2ED\" class=\"elementor-element elementor-element-5536937 e-flex e-con-boxed e-con e-child\" data-id=\"5536937\" data-element_type=\"container\" data-settings=\"{&quot;background_background&quot;:&quot;classic&quot;}\">\n\t\t\t\t\t<div class=\"e-con-inner\">\n\t\t<div class=\"elementor-element elementor-element-3ec5d2c e-con-full e-flex e-con e-child\" data-id=\"3ec5d2c\" data-element_type=\"container\">\n\t\t\t\t<div class=\"elementor-element elementor-element-c502095 animated-fast dce_masking-none elementor-invisible elementor-widget elementor-widget-image\" data-id=\"c502095\" data-element_type=\"widget\" data-settings=\"{&quot;_animation&quot;:&quot;fadeInUp&quot;}\" data-widget_type=\"image.default\">\n\t\t\t\t<div class=\"elementor-widget-container\">\n\t\t\t\t\t\t\t\t\t\t\t\t\t\t\t<img decoding=\"async\" width=\"157\" height=\"95\" src=\"https:\/\/mehdiabdesmad.ca\/wp-content\/uploads\/2024\/12\/integrit_logo_fr.svg\" class=\"attachment-large size-large wp-image-26996\" alt=\"\" \/>\t\t\t\t\t\t\t\t\t\t\t\t\t\t\t<\/div>\n\t\t\t\t<\/div>\n\t\t\t\t<div class=\"elementor-element elementor-element-da2e364 animated-fast elementor-invisible elementor-widget elementor-widget-text-editor\" data-id=\"da2e364\" data-element_type=\"widget\" data-settings=\"{&quot;_animation&quot;:&quot;fadeInUp&quot;,&quot;_animation_delay&quot;:200}\" data-widget_type=\"text-editor.default\">\n\t\t\t\t<div class=\"elementor-widget-container\">\n\t\t\t\t\t\t\t\t\t<h2>La solution cl\u00e9 aux vices cach\u00e9s<\/h2>\t\t\t\t\t\t\t\t<\/div>\n\t\t\t\t<\/div>\n\t\t\t\t<div class=\"elementor-element elementor-element-7c11b4c elementor-widget__width-initial animated-fast elementor-invisible elementor-widget elementor-widget-text-editor\" data-id=\"7c11b4c\" data-element_type=\"widget\" data-settings=\"{&quot;_animation&quot;:&quot;fadeInUp&quot;,&quot;_animation_delay&quot;:200}\" data-widget_type=\"text-editor.default\">\n\t\t\t\t<div class=\"elementor-widget-container\">\n\t\t\t\t\t\t\t\t\t<p>Le programme Int\u00e9gri-T est une garantie offerte aux acheteurs et aux vendeurs qui souhaitent une paix d&rsquo;esprit en cas de vices cach\u00e9s. Cette couverture unique et exclusive \u00e0 RE\/MAX assure une protection financi\u00e8re aux vendeurs et aux acheteurs en cas de r\u00e9clamation.<\/p>\t\t\t\t\t\t\t\t<\/div>\n\t\t\t\t<\/div>\n\t\t<div class=\"elementor-element elementor-element-bb51123 e-con-full animated-fast e-flex elementor-invisible e-con e-child\" data-id=\"bb51123\" data-element_type=\"container\" data-settings=\"{&quot;animation&quot;:&quot;fadeInUp&quot;,&quot;animation_delay&quot;:400}\">\n\t\t\t\t<div class=\"elementor-element elementor-element-fc4b7c7 elementor-widget elementor-widget-button\" data-id=\"fc4b7c7\" data-element_type=\"widget\" data-widget_type=\"button.default\">\n\t\t\t\t<div class=\"elementor-widget-container\">\n\t\t\t\t\t\t\t\t\t<div class=\"elementor-button-wrapper\">\n\t\t\t\t\t<a class=\"elementor-button elementor-button-link elementor-size-sm\" href=\"https:\/\/mehdiabdesmad.ca\/en\/acheteurs\/\">\n\t\t\t\t\t\t<span class=\"elementor-button-content-wrapper\">\n\t\t\t\t\t\t\t\t\t<span class=\"elementor-button-text\">En savoir plus<\/span>\n\t\t\t\t\t<\/span>\n\t\t\t\t\t<\/a>\n\t\t\t\t<\/div>\n\t\t\t\t\t\t\t\t<\/div>\n\t\t\t\t<\/div>\n\t\t\t\t<div class=\"elementor-element elementor-element-fd11e77 elementor-widget elementor-widget-button\" data-id=\"fd11e77\" data-element_type=\"widget\" data-widget_type=\"button.default\">\n\t\t\t\t<div class=\"elementor-widget-container\">\n\t\t\t\t\t\t\t\t\t<div class=\"elementor-button-wrapper\">\n\t\t\t\t\t<a class=\"elementor-button elementor-button-link elementor-size-sm\" href=\"https:\/\/mehdiabdesmad.ca\/en\/vendeurs\/\">\n\t\t\t\t\t\t<span class=\"elementor-button-content-wrapper\">\n\t\t\t\t\t\t\t\t\t<span class=\"elementor-button-text\">Vendre avec moi<\/span>\n\t\t\t\t\t<\/span>\n\t\t\t\t\t<\/a>\n\t\t\t\t<\/div>\n\t\t\t\t\t\t\t\t<\/div>\n\t\t\t\t<\/div>\n\t\t\t\t<\/div>\n\t\t\t\t<\/div>\n\t\t<div class=\"elementor-element elementor-element-785a90f e-con-full e-flex e-con e-child\" data-id=\"785a90f\" data-element_type=\"container\">\n\t\t\t\t<div class=\"elementor-element elementor-element-53b989a dce_masking-none elementor-widget elementor-widget-image\" data-id=\"53b989a\" data-element_type=\"widget\" data-widget_type=\"image.default\">\n\t\t\t\t<div class=\"elementor-widget-container\">\n\t\t\t\t\t\t\t\t\t\t\t\t\t\t\t<img decoding=\"async\" width=\"1624\" height=\"1079\" src=\"https:\/\/mehdiabdesmad.ca\/wp-content\/uploads\/2024\/12\/integrit-photo.jpg\" class=\"attachment-full size-full wp-image-27091\" alt=\"\" srcset=\"https:\/\/mehdiabdesmad.ca\/wp-content\/uploads\/2024\/12\/integrit-photo.jpg 1624w, https:\/\/mehdiabdesmad.ca\/wp-content\/uploads\/2024\/12\/integrit-photo-300x199.jpg 300w, https:\/\/mehdiabdesmad.ca\/wp-content\/uploads\/2024\/12\/integrit-photo-1024x680.jpg 1024w, https:\/\/mehdiabdesmad.ca\/wp-content\/uploads\/2024\/12\/integrit-photo-768x510.jpg 768w, https:\/\/mehdiabdesmad.ca\/wp-content\/uploads\/2024\/12\/integrit-photo-1536x1021.jpg 1536w, https:\/\/mehdiabdesmad.ca\/wp-content\/uploads\/2024\/12\/integrit-photo-18x12.jpg 18w, https:\/\/mehdiabdesmad.ca\/wp-content\/uploads\/2024\/12\/integrit-photo-105x70.jpg 105w\" sizes=\"(max-width: 1624px) 100vw, 1624px\" \/>\t\t\t\t\t\t\t\t\t\t\t\t\t\t\t<\/div>\n\t\t\t\t<\/div>\n\t\t\t\t<\/div>\n\t\t\t\t\t<\/div>\n\t\t\t\t<\/div>\n\t\t\t\t<\/div>\n\t\t\t\t<\/div>","protected":false},"excerpt":{"rendered":"<p>Acheteurs Acheteurs Avec une expertise locale et une vision internationale, Mehdi Abdesmad est le partenaire id\u00e9al pour concr\u00e9tiser vos projets immobiliers. Passionn\u00e9 par le march\u00e9 qu\u00e9b\u00e9cois et ses multiples opportunit\u00e9s, Mehdi cible vos besoins sp\u00e9cifiques, s\u00e9lectionne des propri\u00e9t\u00e9s correspondant \u00e0 vos crit\u00e8res et vous accompagne personnellement \u00e0 chaque \u00e9tape, jusqu\u2019\u00e0 ce que vous trouviez la propri\u00e9t\u00e9 parfaite.\u00a0 Du d\u00e9but \u00e0 la fin de la &#8230;<\/p>","protected":false},"author":1,"featured_media":0,"parent":0,"menu_order":0,"comment_status":"closed","ping_status":"closed","template":"elementor_header_footer","meta":{"footnotes":""},"class_list":["post-25257","page","type-page","status-publish","hentry"],"acf":[],"_links":{"self":[{"href":"https:\/\/mehdiabdesmad.ca\/en\/wp-json\/wp\/v2\/pages\/25257","targetHints":{"allow":["GET"]}}],"collection":[{"href":"https:\/\/mehdiabdesmad.ca\/en\/wp-json\/wp\/v2\/pages"}],"about":[{"href":"https:\/\/mehdiabdesmad.ca\/en\/wp-json\/wp\/v2\/types\/page"}],"author":[{"embeddable":true,"href":"https:\/\/mehdiabdesmad.ca\/en\/wp-json\/wp\/v2\/users\/1"}],"replies":[{"embeddable":true,"href":"https:\/\/mehdiabdesmad.ca\/en\/wp-json\/wp\/v2\/comments?post=25257"}],"version-history":[{"count":137,"href":"https:\/\/mehdiabdesmad.ca\/en\/wp-json\/wp\/v2\/pages\/25257\/revisions"}],"predecessor-version":[{"id":28541,"href":"https:\/\/mehdiabdesmad.ca\/en\/wp-json\/wp\/v2\/pages\/25257\/revisions\/28541"}],"wp:attachment":[{"href":"https:\/\/mehdiabdesmad.ca\/en\/wp-json\/wp\/v2\/media?parent=25257"}],"curies":[{"name":"wp","href":"https:\/\/api.w.org\/{rel}","templated":true}]}}